{"id":706,"date":"2017-09-30T13:11:15","date_gmt":"2017-09-30T12:11:15","guid":{"rendered":"http:\/\/www.videoclub.at\/stm18\/?page_id=706"},"modified":"2025-03-25T19:34:24","modified_gmt":"2025-03-25T18:34:24","slug":"programmuebersicht","status":"publish","type":"page","link":"https:\/\/www.videoclub.at\/lm25\/programmuebersicht\/","title":{"rendered":"Programm\u00fcbersicht"},"content":{"rendered":"<table style=\"height: 455px;\" width=\"876\">\n<tbody>\n<tr>\n<td style=\"width: 82.43px; border-bottom-style: none;\">Freitag<\/td>\n<td style=\"width: 82.4px; border-bottom-style: none;\">28.03.<\/td>\n<td style=\"width: 168.8px;\"><span style=\"color: #333333;\"><strong>10:00 Uhr<\/strong><\/span><\/td>\n<td style=\"width: 514.37px;\"><span style=\"color: #333333;\"><strong>Festival-Er\u00f6ffnung<\/strong><\/span><\/td>\n<\/tr>\n<tr>\n<td style=\"width: 82.43px; border-top-style: none; border-bottom-style: none;\"><\/td>\n<td style=\"width: 82.4px; border-top-style: none; border-bottom-style: none;\"><\/td>\n<td style=\"width: 168.8px;\">10:30- 12:30 Uhr<\/td>\n<td style=\"width: 514.37px;\"><a href=\"programm\/\" target=\"_blank\" rel=\"noopener\">Filmblock 1:<\/a> Filmvorf\u00fchrungen mit \u00f6ffentlicher Jury-Filmbesprechung<\/td>\n<\/tr>\n<tr>\n<td style=\"width: 82.43px; border-top-style: none; border-bottom-style: none;\"><\/td>\n<td style=\"width: 82.4px; border-top-style: none; border-bottom-style: none;\"><\/td>\n<td style=\"width: 168.8px; color: #969696;\">12:30- 13:30 Uhr<\/td>\n<td style=\"width: 514.37px; color: #969696;\">Mittagessen<\/td>\n<\/tr>\n<tr>\n<td style=\"width: 82.43px; border-top-style: none; border-bottom-style: none;\"><\/td>\n<td style=\"width: 82.4px; border-top-style: none; border-bottom-style: none;\"><\/td>\n<td style=\"width: 168.8px;\">13:30 &#8211; 15:30 Uhr<\/td>\n<td style=\"width: 514.37px;\"><a href=\"programm\/#1\" target=\"_blank\" rel=\"noopener\">Filmblock 2:<\/a> Filmvorf\u00fchrungen mit \u00f6ffentlicher Jury-Filmbesprechung<\/td>\n<\/tr>\n<tr>\n<td style=\"width: 82.43px; border-top-style: none; border-bottom-style: none;\"><\/td>\n<td style=\"width: 82.4px; border-top-style: none; border-bottom-style: none;\"><\/td>\n<td style=\"width: 168.8px; color: #969696;\">15:30- 16:00 Uhr<\/td>\n<td style=\"width: 514.37px; color: #969696;\">Pause<\/td>\n<\/tr>\n<tr>\n<td style=\"width: 82.43px; border-top-style: none;\"><\/td>\n<td style=\"width: 82.4px; border-top-style: none;\"><\/td>\n<td style=\"width: 168.8px;\">16:00 &#8211; 18:00 Uhr<\/td>\n<td style=\"width: 514.37px;\"><a href=\"programm\/#2\" target=\"_blank\" rel=\"noopener\">Filmblock 3:<\/a> Filmvorf\u00fchrungen mit \u00f6ffentlicher Jury-Filmbesprechung<\/td>\n<\/tr>\n<tr>\n<td style=\"width: 82.43px; border-top-style: none; border-bottom-style: none;\"><\/td>\n<td style=\"width: 82.4px; border-top-style: none; border-bottom-style: none;\"><\/td>\n<td style=\"width: 168.8px; color: #969696;\">18:00- 19:00 Uhr<\/td>\n<td style=\"width: 514.37px; color: #969696;\">Abendessen<\/td>\n<\/tr>\n<tr>\n<td style=\"width: 82.43px; border-top-style: none;\"><\/td>\n<td style=\"width: 82.4px; border-top-style: none;\"><\/td>\n<td style=\"width: 168.8px;\">19:00 &#8211; 21:00 Uhr<\/td>\n<td style=\"width: 514.37px;\"><a href=\"programm\/#3\" target=\"_blank\" rel=\"noopener\">Filmblock 4:<\/a> Filmvorf\u00fchrungen mit \u00f6ffentlicher Jury-Filmbesprechung<\/td>\n<\/tr>\n<tr>\n<td style=\"width: 82.43px;\"><\/td>\n<td style=\"width: 82.4px;\"><\/td>\n<td style=\"width: 168.8px;\"><\/td>\n<td style=\"width: 514.37px;\"><\/td>\n<\/tr>\n<tr>\n<td style=\"width: 82.43px; border-bottom-style: none;\">Samstag<\/td>\n<td style=\"width: 82.4px; border-bottom-style: none;\">29.03.<\/td>\n<td style=\"width: 168.8px; color: #969696;\"><span style=\"color: #333333;\"><strong>09:00 Uhr<\/strong><\/span><\/td>\n<td style=\"width: 514.37px; color: #969696;\"><span style=\"color: #333333;\"><strong>Begr\u00fc\u00dfung<\/strong><\/span><\/td>\n<\/tr>\n<tr>\n<td style=\"width: 82.43px; border-top-style: none; border-bottom-style: none;\"><\/td>\n<td style=\"width: 82.4px; border-top-style: none; border-bottom-style: none;\"><\/td>\n<td style=\"width: 168.8px;\">09:30 &#8211; 11:30 Uhr<\/td>\n<td style=\"width: 514.37px;\"><a href=\"programm\/#4\" target=\"_blank\" rel=\"noopener\">Filmblock 5:<\/a> Filmvorf\u00fchrungen mit \u00f6ffentlicher Jury-Filmbesprechung<\/td>\n<\/tr>\n<tr>\n<td style=\"width: 82.43px; border-top-style: none; border-bottom-style: none;\"><\/td>\n<td style=\"width: 82.4px; border-top-style: none; border-bottom-style: none;\"><\/td>\n<td style=\"width: 168.8px; color: #969696;\">11:30- 12:30 Uhr<\/td>\n<td style=\"width: 514.37px; color: #969696;\">Mittagessen<\/td>\n<\/tr>\n<tr>\n<td style=\"width: 82.43px; border-top-style: none; border-bottom-style: none;\"><\/td>\n<td style=\"width: 82.4px; border-top-style: none; border-bottom-style: none;\"><\/td>\n<td style=\"width: 168.8px;\">12:30 &#8211; 14:30 Uhr<\/td>\n<td style=\"width: 514.37px;\"><a href=\"programm\/#5\" target=\"_blank\" rel=\"noopener\">Filmblock 6:<\/a> Filmvorf\u00fchrungen mit \u00f6ffentlicher Jury-Filmbesprechung<\/td>\n<\/tr>\n<tr>\n<td style=\"width: 82.43px; border-top-style: none; border-bottom-style: none;\"><\/td>\n<td style=\"width: 82.4px; border-top-style: none; border-bottom-style: none;\"><\/td>\n<td style=\"width: 168.8px; color: #969696;\">14:30- 15:00 Uhr<\/td>\n<td style=\"width: 514.37px; color: #969696;\">Pause<\/td>\n<\/tr>\n<tr>\n<td style=\"width: 82.43px; border-top-style: none; border-bottom-style: none;\"><\/td>\n<td style=\"width: 82.4px; border-top-style: none; border-bottom-style: none;\"><\/td>\n<td style=\"width: 168.8px;\">15:00 &#8211; 17:00 Uhr<\/td>\n<td style=\"width: 514.37px;\"><a href=\"programm\/#6\" target=\"_blank\" rel=\"noopener\">Filmblock 7:<\/a> Filmvorf\u00fchrungen mit \u00f6ffentlicher Jury-Filmbesprechung<\/td>\n<\/tr>\n<tr>\n<td style=\"width: 82.43px; border-top-style: none; border-bottom-style: none;\"><\/td>\n<td style=\"width: 82.4px; border-top-style: none; border-bottom-style: none;\"><\/td>\n<td style=\"width: 168.8px; color: #969696;\">17:00- 17:30 Uhr<\/td>\n<td style=\"width: 514.37px; color: #969696;\">Pause<\/td>\n<\/tr>\n<tr>\n<td style=\"width: 82.43px; border-top-style: none; border-bottom-style: none;\"><\/td>\n<td style=\"width: 82.4px; border-top-style: none; border-bottom-style: none;\"><\/td>\n<td style=\"width: 168.8px;\">17:30 -18:15 Uhr<\/td>\n<td style=\"width: 514.37px;\">\u00d6ffentliche Jury-Wertung und Wahl des Landesmeisters<\/td>\n<\/tr>\n<tr>\n<td style=\"width: 82.43px; border-top-style: none; border-bottom-style: none;\"><\/td>\n<td style=\"width: 82.4px; border-top-style: none; border-bottom-style: none;\"><\/td>\n<td style=\"width: 168.8px; color: #969696;\">18:15- 19:15 Uhr<\/td>\n<td style=\"width: 514.37px; color: #969696;\">Abendessen<\/td>\n<\/tr>\n<tr>\n<td style=\"width: 82.43px; border-top-style: none; border-bottom-style: none;\"><\/td>\n<td style=\"width: 82.4px; border-top-style: none; border-bottom-style: none;\"><\/td>\n<td style=\"width: 168.8px;\">ab 19:15 Uhr<\/td>\n<td style=\"width: 514.37px;\">Live-Musik und musikalische Umrahmung der Siegerehrung durch \u201e<a href=\"https:\/\/www.musicdeluxe.at\/\" target=\"_blank\" rel=\"noopener\">Music Deluxe<\/a>\u201c, eine Kooperation von\u00a0<a href=\"https:\/\/www.flying-voices.at\/\" target=\"_blank\" rel=\"noopener\">Sandra Danzer<\/a>\u00a0und\u00a0<a href=\"https:\/\/firmen.wko.at\/herwig-otto-burghard-tonburg-tonstudio-burghard\/steiermark\/?firmaid=d42957e7-1c95-4cb1-993a-32ff79767c57\" target=\"_blank\" rel=\"noopener\">Herwig O. Burghard<\/a>\u00a0.<\/td>\n<\/tr>\n<tr>\n<td style=\"width: 82.43px; border-top-style: none; border-bottom-style: none;\"><\/td>\n<td style=\"width: 82.4px; border-top-style: none; border-bottom-style: none;\"><\/td>\n<td style=\"width: 168.8px;\"><span style=\"color: #333333;\"><strong>20:00 &#8211; 22:00 Uhr<\/strong><\/span><\/td>\n<td style=\"width: 514.37px;\"><span style=\"color: #333333;\"><strong>Verleihung der Preise und Sonderpreise<br \/>\n<\/strong>\u00dcbergabe der Landesmeistertroph\u00e4e<strong><br \/>\n<\/strong>\u201eIm Fokus\u201c von K\u00fcnstler <a href=\"https:\/\/robertwilfing.at\/\" target=\"_blank\" rel=\"noreferrer noopener\">Robert W. Wilfing<\/a><\/span>\u00a0.<\/td>\n<\/tr>\n<\/tbody>\n<\/table>\n<p>\u00c4nderungen vorbehalten!<\/p>\n<p><strong>Der Eintritt ist frei!<\/strong><\/p>\n","protected":false},"excerpt":{"rendered":"<p>Freitag 28.03. 10:00 Uhr Festival-Er\u00f6ffnung 10:30- 12:30 Uhr Filmblock 1: Filmvorf\u00fchrungen mit \u00f6ffentlicher Jury-Filmbesprechung 12:30- 13:30 Uhr Mittagessen 13:30 &#8211; 15:30 Uhr Filmblock 2: Filmvorf\u00fchrungen mit \u00f6ffentlicher Jury-Filmbesprechung 15:30- 16:00 Uhr Pause 16:00 &#8211; 18:00 Uhr Filmblock 3: Filmvorf\u00fchrungen mit \u00f6ffentlicher Jury-Filmbesprechung 18:00- 19:00 Uhr Abendessen 19:00 &#8211; 21:00 Uhr Filmblock 4: Filmvorf\u00fchrungen mit \u00f6ffentlicher [&hellip;]<\/p>\n","protected":false},"author":1,"featured_media":0,"parent":0,"menu_order":0,"comment_status":"closed","ping_status":"closed","template":"","meta":{"footnotes":""},"class_list":["post-706","page","type-page","status-publish","hentry"],"yoast_head":"<!-- This site is optimized with the Yoast SEO plugin v26.4 - https:\/\/yoast.com\/wordpress\/plugins\/seo\/ -->\n<title>Programm\u00fcbersicht | Festival der Steirischen Film-Autoren 2025 | V\u00d6FA-Landesmeisterschaft Steiermerk 2025<\/title>\n<meta name=\"robots\" content=\"index, follow, max-snippet:-1, max-image-preview:large, max-video-preview:-1\" \/>\n<link rel=\"canonical\" href=\"https:\/\/www.videoclub.at\/lm25\/programmuebersicht\/\" \/>\n<meta property=\"og:locale\" content=\"de_DE\" \/>\n<meta property=\"og:type\" content=\"article\" \/>\n<meta property=\"og:title\" content=\"Programm\u00fcbersicht | Festival der Steirischen Film-Autoren 2025 | V\u00d6FA-Landesmeisterschaft Steiermerk 2025\" \/>\n<meta property=\"og:description\" content=\"Freitag 28.03. 10:00 Uhr Festival-Er\u00f6ffnung 10:30- 12:30 Uhr Filmblock 1: Filmvorf\u00fchrungen mit \u00f6ffentlicher Jury-Filmbesprechung 12:30- 13:30 Uhr Mittagessen 13:30 &#8211; 15:30 Uhr Filmblock 2: Filmvorf\u00fchrungen mit \u00f6ffentlicher Jury-Filmbesprechung 15:30- 16:00 Uhr Pause 16:00 &#8211; 18:00 Uhr Filmblock 3: Filmvorf\u00fchrungen mit \u00f6ffentlicher Jury-Filmbesprechung 18:00- 19:00 Uhr Abendessen 19:00 &#8211; 21:00 Uhr Filmblock 4: Filmvorf\u00fchrungen mit \u00f6ffentlicher [&hellip;]\" \/>\n<meta property=\"og:url\" content=\"https:\/\/www.videoclub.at\/lm25\/programmuebersicht\/\" \/>\n<meta property=\"og:site_name\" content=\"Festival der Steirischen Film-Autoren 2025\" \/>\n<meta property=\"article:modified_time\" content=\"2025-03-25T18:34:24+00:00\" \/>\n<meta name=\"twitter:card\" content=\"summary_large_image\" \/>\n<meta name=\"twitter:label1\" content=\"Gesch\u00e4tzte Lesezeit\" \/>\n\t<meta name=\"twitter:data1\" content=\"1\u00a0Minute\" \/>\n<script type=\"application\/ld+json\" class=\"yoast-schema-graph\">{\"@context\":\"https:\/\/schema.org\",\"@graph\":[{\"@type\":\"WebPage\",\"@id\":\"https:\/\/www.videoclub.at\/lm25\/programmuebersicht\/\",\"url\":\"https:\/\/www.videoclub.at\/lm25\/programmuebersicht\/\",\"name\":\"Programm\u00fcbersicht | Festival der Steirischen Film-Autoren 2025 | V\u00d6FA-Landesmeisterschaft Steiermerk 2025\",\"isPartOf\":{\"@id\":\"https:\/\/www.videoclub.at\/lm25\/#website\"},\"datePublished\":\"2017-09-30T12:11:15+00:00\",\"dateModified\":\"2025-03-25T18:34:24+00:00\",\"breadcrumb\":{\"@id\":\"https:\/\/www.videoclub.at\/lm25\/programmuebersicht\/#breadcrumb\"},\"inLanguage\":\"de\",\"potentialAction\":[{\"@type\":\"ReadAction\",\"target\":[\"https:\/\/www.videoclub.at\/lm25\/programmuebersicht\/\"]}]},{\"@type\":\"BreadcrumbList\",\"@id\":\"https:\/\/www.videoclub.at\/lm25\/programmuebersicht\/#breadcrumb\",\"itemListElement\":[{\"@type\":\"ListItem\",\"position\":1,\"name\":\"Startseite\",\"item\":\"https:\/\/www.videoclub.at\/lm25\/\"},{\"@type\":\"ListItem\",\"position\":2,\"name\":\"Programm\u00fcbersicht\"}]},{\"@type\":\"WebSite\",\"@id\":\"https:\/\/www.videoclub.at\/lm25\/#website\",\"url\":\"https:\/\/www.videoclub.at\/lm25\/\",\"name\":\"Festival der Steirischen Film-Autoren 2025\",\"description\":\"28.-29. M\u00e4rz 2025\",\"publisher\":{\"@id\":\"https:\/\/www.videoclub.at\/lm25\/#organization\"},\"potentialAction\":[{\"@type\":\"SearchAction\",\"target\":{\"@type\":\"EntryPoint\",\"urlTemplate\":\"https:\/\/www.videoclub.at\/lm25\/?s={search_term_string}\"},\"query-input\":{\"@type\":\"PropertyValueSpecification\",\"valueRequired\":true,\"valueName\":\"search_term_string\"}}],\"inLanguage\":\"de\"},{\"@type\":\"Organization\",\"@id\":\"https:\/\/www.videoclub.at\/lm25\/#organization\",\"name\":\"Festival der Steirischen Filmautoren 2025\",\"url\":\"https:\/\/www.videoclub.at\/lm25\/\",\"logo\":{\"@type\":\"ImageObject\",\"inLanguage\":\"de\",\"@id\":\"https:\/\/www.videoclub.at\/lm25\/#\/schema\/logo\/image\/\",\"url\":\"https:\/\/www.videoclub.at\/lm25\/wp-content\/uploads\/2014\/12\/videologo_small.jpg\",\"contentUrl\":\"https:\/\/www.videoclub.at\/lm25\/wp-content\/uploads\/2014\/12\/videologo_small.jpg\",\"width\":400,\"height\":98,\"caption\":\"Festival der Steirischen Filmautoren 2025\"},\"image\":{\"@id\":\"https:\/\/www.videoclub.at\/lm25\/#\/schema\/logo\/image\/\"},\"sameAs\":[\"https:\/\/www.youtube.com\/user\/filmvideoclub\"]}]}<\/script>\n<!-- \/ Yoast SEO plugin. -->","yoast_head_json":{"title":"Programm\u00fcbersicht | Festival der Steirischen Film-Autoren 2025 | V\u00d6FA-Landesmeisterschaft Steiermerk 2025","robots":{"index":"index","follow":"follow","max-snippet":"max-snippet:-1","max-image-preview":"max-image-preview:large","max-video-preview":"max-video-preview:-1"},"canonical":"https:\/\/www.videoclub.at\/lm25\/programmuebersicht\/","og_locale":"de_DE","og_type":"article","og_title":"Programm\u00fcbersicht | Festival der Steirischen Film-Autoren 2025 | V\u00d6FA-Landesmeisterschaft Steiermerk 2025","og_description":"Freitag 28.03. 10:00 Uhr Festival-Er\u00f6ffnung 10:30- 12:30 Uhr Filmblock 1: Filmvorf\u00fchrungen mit \u00f6ffentlicher Jury-Filmbesprechung 12:30- 13:30 Uhr Mittagessen 13:30 &#8211; 15:30 Uhr Filmblock 2: Filmvorf\u00fchrungen mit \u00f6ffentlicher Jury-Filmbesprechung 15:30- 16:00 Uhr Pause 16:00 &#8211; 18:00 Uhr Filmblock 3: Filmvorf\u00fchrungen mit \u00f6ffentlicher Jury-Filmbesprechung 18:00- 19:00 Uhr Abendessen 19:00 &#8211; 21:00 Uhr Filmblock 4: Filmvorf\u00fchrungen mit \u00f6ffentlicher [&hellip;]","og_url":"https:\/\/www.videoclub.at\/lm25\/programmuebersicht\/","og_site_name":"Festival der Steirischen Film-Autoren 2025","article_modified_time":"2025-03-25T18:34:24+00:00","twitter_card":"summary_large_image","twitter_misc":{"Gesch\u00e4tzte Lesezeit":"1\u00a0Minute"},"schema":{"@context":"https:\/\/schema.org","@graph":[{"@type":"WebPage","@id":"https:\/\/www.videoclub.at\/lm25\/programmuebersicht\/","url":"https:\/\/www.videoclub.at\/lm25\/programmuebersicht\/","name":"Programm\u00fcbersicht | Festival der Steirischen Film-Autoren 2025 | V\u00d6FA-Landesmeisterschaft Steiermerk 2025","isPartOf":{"@id":"https:\/\/www.videoclub.at\/lm25\/#website"},"datePublished":"2017-09-30T12:11:15+00:00","dateModified":"2025-03-25T18:34:24+00:00","breadcrumb":{"@id":"https:\/\/www.videoclub.at\/lm25\/programmuebersicht\/#breadcrumb"},"inLanguage":"de","potentialAction":[{"@type":"ReadAction","target":["https:\/\/www.videoclub.at\/lm25\/programmuebersicht\/"]}]},{"@type":"BreadcrumbList","@id":"https:\/\/www.videoclub.at\/lm25\/programmuebersicht\/#breadcrumb","itemListElement":[{"@type":"ListItem","position":1,"name":"Startseite","item":"https:\/\/www.videoclub.at\/lm25\/"},{"@type":"ListItem","position":2,"name":"Programm\u00fcbersicht"}]},{"@type":"WebSite","@id":"https:\/\/www.videoclub.at\/lm25\/#website","url":"https:\/\/www.videoclub.at\/lm25\/","name":"Festival der Steirischen Film-Autoren 2025","description":"28.-29. M\u00e4rz 2025","publisher":{"@id":"https:\/\/www.videoclub.at\/lm25\/#organization"},"potentialAction":[{"@type":"SearchAction","target":{"@type":"EntryPoint","urlTemplate":"https:\/\/www.videoclub.at\/lm25\/?s={search_term_string}"},"query-input":{"@type":"PropertyValueSpecification","valueRequired":true,"valueName":"search_term_string"}}],"inLanguage":"de"},{"@type":"Organization","@id":"https:\/\/www.videoclub.at\/lm25\/#organization","name":"Festival der Steirischen Filmautoren 2025","url":"https:\/\/www.videoclub.at\/lm25\/","logo":{"@type":"ImageObject","inLanguage":"de","@id":"https:\/\/www.videoclub.at\/lm25\/#\/schema\/logo\/image\/","url":"https:\/\/www.videoclub.at\/lm25\/wp-content\/uploads\/2014\/12\/videologo_small.jpg","contentUrl":"https:\/\/www.videoclub.at\/lm25\/wp-content\/uploads\/2014\/12\/videologo_small.jpg","width":400,"height":98,"caption":"Festival der Steirischen Filmautoren 2025"},"image":{"@id":"https:\/\/www.videoclub.at\/lm25\/#\/schema\/logo\/image\/"},"sameAs":["https:\/\/www.youtube.com\/user\/filmvideoclub"]}]}},"_links":{"self":[{"href":"https:\/\/www.videoclub.at\/lm25\/wp-json\/wp\/v2\/pages\/706","targetHints":{"allow":["GET"]}}],"collection":[{"href":"https:\/\/www.videoclub.at\/lm25\/wp-json\/wp\/v2\/pages"}],"about":[{"href":"https:\/\/www.videoclub.at\/lm25\/wp-json\/wp\/v2\/types\/page"}],"author":[{"embeddable":true,"href":"https:\/\/www.videoclub.at\/lm25\/wp-json\/wp\/v2\/users\/1"}],"replies":[{"embeddable":true,"href":"https:\/\/www.videoclub.at\/lm25\/wp-json\/wp\/v2\/comments?post=706"}],"version-history":[{"count":101,"href":"https:\/\/www.videoclub.at\/lm25\/wp-json\/wp\/v2\/pages\/706\/revisions"}],"predecessor-version":[{"id":2851,"href":"https:\/\/www.videoclub.at\/lm25\/wp-json\/wp\/v2\/pages\/706\/revisions\/2851"}],"wp:attachment":[{"href":"https:\/\/www.videoclub.at\/lm25\/wp-json\/wp\/v2\/media?parent=706"}],"curies":[{"name":"wp","href":"https:\/\/api.w.org\/{rel}","templated":true}]}}