{"id":316,"date":"2015-02-08T20:39:19","date_gmt":"2015-02-08T19:39:19","guid":{"rendered":"http:\/\/www.videoclub.at\/lm15\/?page_id=316"},"modified":"2025-03-25T19:28:58","modified_gmt":"2025-03-25T18:28:58","slug":"bewertungskriterien","status":"publish","type":"page","link":"https:\/\/www.videoclub.at\/lm25\/bewertungskriterien\/","title":{"rendered":"Qualifikation und Bewertung"},"content":{"rendered":"\n<p>Die Bewertung der Filme beim j\u00e4hrlich stattfindenden Festival der Steirischen Film-Autoren (Landesmeisterschaft) erfolgt entsprechend den <a href=\"http:\/\/www.filmautoren.at\/?Was-wir-bieten\/Richtlinien\/Rechtliche-Bestimmungen\" target=\"_blank\" rel=\"noreferrer noopener\" aria-label=\" (opens in a new tab)\"><strong>Wettbewerbsbestimmungen des Verbandes \u00d6sterreichischer Filmautoren <\/strong><\/a>(V\u00d6FA) in der jeweils g\u00fcltigen Fassung.<\/p>\n\n\n\n<h4 class=\"wp-block-heading\">Teilnahmeberechtigung<\/h4>\n\n\n\n<p>Teilnahmeberechtigt zum Festival der Steirischen Film-Autoren sind Filme von ordentlichen Mitgliedern steirischer Filmclubs sowie zus\u00e4tzlich nichtkommerzielle Filmer \u00d6sterreichischer Staatsb\u00fcrgerschaft gegen ein entsprechendes Nenngeld. Die Filme d\u00fcrfen noch an keinem Festival Steirischer Film-Autoren teilgenommen haben und nicht \u00e4lter als zwei Jahre sein. Filme von Mitgliedern steirischer Filmclubs sollen sich \u00fcber eine Clubmeisterschaft qualifizieren oder von den Clubleiter:innen zur Teilnahme empfohlen werden.<\/p>\n\n\n\n<h4 class=\"wp-block-heading\">Vorf\u00fchrung<\/h4>\n\n\n\n<p>Die Vorf\u00fchrreihenfolge der zugelassenen Filme wird \u00f6ffentlich ausgelost. Die Vorf\u00fchrung der Filme erfolgt w\u00e4hrend der Veranstaltung in Filmbl\u00f6cken mit je ca. 4 bis 7 Filmen. Eine f\u00fcnfk\u00f6pfige Jury bespricht unter der Leitung eines\/einer Vorsitzenden nach jedem Filmblock in einer \u00f6ffentlichen Sitzung die gezeigten Filme. Der jeweilige Autor bzw. die jeweilige Autorin wird in die Besprechung seines\/ihres Films mit einbezogen.<\/p>\n\n\n\n<h4 class=\"wp-block-heading\">Schlussbesprechung der Jury<\/h4>\n\n\n\n<p>Nach Abschluss aller Filmbl\u00f6cke werden s\u00e4mtliche Filme in der Schlussbesprechung abschlie\u00dfend durch die Jury bewertet. Die Jurymitglieder halten Tafeln mit den m\u00f6glichen Bewertungsstufen hoch. Dabei werden die Stufen T, D, 3, 2 und 1 unterschieden. T steht als niedrigste Stufe f\u00fcr Teilnahme, D f\u00fcr Diplom als Anerkennung sowie 3, 2 und 1 stehen f\u00fcr Bronze-, Silber- und Goldmedaille. Die Entscheidung wird mit einfacher Mehrheit nach Platzziffern getroffen. Es ist zul\u00e4ssig, dass mehrere Filme die gleiche Bewertungsstufe erhalten.<\/p>\n\n\n\n<p>Zum Festival der \u00d6sterreichischen Film-Autoren (Staatsmeisterschaft) sind alle Filme direkt qualifiziert, die eine Goldmedaille oder eine Silbermedaille erreicht haben.<\/p>\n\n\n\n<p>Film-Autoren bzw. Film-Autorinnen, die das 25. Lebensjahr noch nicht vollendet haben, nehmen an der Jeunesse-Wertung teil, bei der unabh\u00e4ngig von der allgemeinen Wertung die Pl\u00e4tze 1 bis 3 vergeben werden. Der erstplatzierte Autor der Jeunesse-Wertung nimmt jedenfalls an der Staatsmeisterschaft teil.<\/p>\n\n\n\n<p>Abschlie\u00dfend muss die Jury noch aus den Goldmedaillen\neinen Landesmeister als besten Film des Festivals ermitteln. Dabei kann jedes Jurymitglied\neinen Film als Landesmeister vorschlagen &#8211; die vorgeschlagenen Filme werden zur\nAbstimmung gebracht, die einfache Mehrheit entscheidet. Dar\u00fcber hinaus werden\nf\u00fcr bemerkenswerte Leistungen noch Sonderpreise durch die Jury vergeben.<\/p>\n\n\n\n<h4 class=\"wp-block-heading\">Bewertungskriterien<\/h4>\n\n\n\n<p>Die Bewertung der Filme durch die Jury erfolgt anhand\nzweier wesentlicher Kriterien, n\u00e4mlich dem INHALT im weitesten Sinne (auch\ngeistiger Wert genannt) und der FILMISCHEN UMSETZUNG (auch k\u00fcnstlerischer Wert\ngenannt). Bei der Bewertung des Inhalts sind insbesondere die Themenwahl, die Idee,\ndie Aussage des Filmes, sein Informations-, Unterhaltungs- oder emotionaler\nWert, der gesellschaftskritische Bezug, die Allgemeing\u00fcltigkeit, die\nWichtigkeit oder der Aktualit\u00e4tsbezug des Themas heranzuziehen. Bei der\nBeurteilung der filmischen Umsetzung spielen vor allem die Anwendung der filmischen\nMittel (Dramaturgie, Bildsprache, Symbolik, Kameraf\u00fchrung und Bildgestaltung,\nMontage und Schnitt, Lichtgestaltung, Regie, Schauspieler, Musik etc.), das\nhandwerkliche K\u00f6nnen (Filmtechnik) sowie der Gesamteindruck eine entscheidende\nRolle.<\/p>\n\n\n\n<p>Da nicht bei allen Kategorien von Filmen dieselben\nKriterien f\u00fcr die Bewertung in gleicher Gewichtigkeit angewendet werden k\u00f6nnen,\nkann es von Film zu Film zu einer Revision der Wertigkeit der Kriterien\nzueinander kommen.<\/p>\n\n\n\n<p><\/p>\n","protected":false},"excerpt":{"rendered":"<p>Die Bewertung der Filme beim j\u00e4hrlich stattfindenden Festival der Steirischen Film-Autoren (Landesmeisterschaft) erfolgt entsprechend den Wettbewerbsbestimmungen des Verbandes \u00d6sterreichischer Filmautoren (V\u00d6FA) in der jeweils g\u00fcltigen Fassung. Teilnahmeberechtigung Teilnahmeberechtigt zum Festival der Steirischen Film-Autoren sind Filme von ordentlichen Mitgliedern steirischer Filmclubs sowie zus\u00e4tzlich nichtkommerzielle Filmer \u00d6sterreichischer Staatsb\u00fcrgerschaft gegen ein entsprechendes Nenngeld. Die Filme d\u00fcrfen noch an [&hellip;]<\/p>\n","protected":false},"author":1,"featured_media":0,"parent":0,"menu_order":0,"comment_status":"closed","ping_status":"closed","template":"","meta":{"footnotes":""},"class_list":["post-316","page","type-page","status-publish","hentry"],"yoast_head":"<!-- This site is optimized with the Yoast SEO plugin v26.4 - https:\/\/yoast.com\/wordpress\/plugins\/seo\/ -->\n<title>Qualifikation und Bewertung | Festival der Steirischen Film-Autoren 2025 | V\u00d6FA-Landesmeisterschaft Steiermerk 2025<\/title>\n<meta name=\"robots\" content=\"index, follow, max-snippet:-1, max-image-preview:large, max-video-preview:-1\" \/>\n<link rel=\"canonical\" href=\"https:\/\/www.videoclub.at\/lm25\/bewertungskriterien\/\" \/>\n<meta property=\"og:locale\" content=\"de_DE\" \/>\n<meta property=\"og:type\" content=\"article\" \/>\n<meta property=\"og:title\" content=\"Qualifikation und Bewertung | Festival der Steirischen Film-Autoren 2025 | V\u00d6FA-Landesmeisterschaft Steiermerk 2025\" \/>\n<meta property=\"og:description\" content=\"Die Bewertung der Filme beim j\u00e4hrlich stattfindenden Festival der Steirischen Film-Autoren (Landesmeisterschaft) erfolgt entsprechend den Wettbewerbsbestimmungen des Verbandes \u00d6sterreichischer Filmautoren (V\u00d6FA) in der jeweils g\u00fcltigen Fassung. Teilnahmeberechtigung Teilnahmeberechtigt zum Festival der Steirischen Film-Autoren sind Filme von ordentlichen Mitgliedern steirischer Filmclubs sowie zus\u00e4tzlich nichtkommerzielle Filmer \u00d6sterreichischer Staatsb\u00fcrgerschaft gegen ein entsprechendes Nenngeld. Die Filme d\u00fcrfen noch an [&hellip;]\" \/>\n<meta property=\"og:url\" content=\"https:\/\/www.videoclub.at\/lm25\/bewertungskriterien\/\" \/>\n<meta property=\"og:site_name\" content=\"Festival der Steirischen Film-Autoren 2025\" \/>\n<meta property=\"article:modified_time\" content=\"2025-03-25T18:28:58+00:00\" \/>\n<meta name=\"twitter:card\" content=\"summary_large_image\" \/>\n<meta name=\"twitter:label1\" content=\"Gesch\u00e4tzte Lesezeit\" \/>\n\t<meta name=\"twitter:data1\" content=\"3\u00a0Minuten\" \/>\n<script type=\"application\/ld+json\" class=\"yoast-schema-graph\">{\"@context\":\"https:\/\/schema.org\",\"@graph\":[{\"@type\":\"WebPage\",\"@id\":\"https:\/\/www.videoclub.at\/lm25\/bewertungskriterien\/\",\"url\":\"https:\/\/www.videoclub.at\/lm25\/bewertungskriterien\/\",\"name\":\"Qualifikation und Bewertung | Festival der Steirischen Film-Autoren 2025 | V\u00d6FA-Landesmeisterschaft Steiermerk 2025\",\"isPartOf\":{\"@id\":\"https:\/\/www.videoclub.at\/lm25\/#website\"},\"datePublished\":\"2015-02-08T19:39:19+00:00\",\"dateModified\":\"2025-03-25T18:28:58+00:00\",\"breadcrumb\":{\"@id\":\"https:\/\/www.videoclub.at\/lm25\/bewertungskriterien\/#breadcrumb\"},\"inLanguage\":\"de\",\"potentialAction\":[{\"@type\":\"ReadAction\",\"target\":[\"https:\/\/www.videoclub.at\/lm25\/bewertungskriterien\/\"]}]},{\"@type\":\"BreadcrumbList\",\"@id\":\"https:\/\/www.videoclub.at\/lm25\/bewertungskriterien\/#breadcrumb\",\"itemListElement\":[{\"@type\":\"ListItem\",\"position\":1,\"name\":\"Startseite\",\"item\":\"https:\/\/www.videoclub.at\/lm25\/\"},{\"@type\":\"ListItem\",\"position\":2,\"name\":\"Qualifikation und Bewertung\"}]},{\"@type\":\"WebSite\",\"@id\":\"https:\/\/www.videoclub.at\/lm25\/#website\",\"url\":\"https:\/\/www.videoclub.at\/lm25\/\",\"name\":\"Festival der Steirischen Film-Autoren 2025\",\"description\":\"28.-29. M\u00e4rz 2025\",\"publisher\":{\"@id\":\"https:\/\/www.videoclub.at\/lm25\/#organization\"},\"potentialAction\":[{\"@type\":\"SearchAction\",\"target\":{\"@type\":\"EntryPoint\",\"urlTemplate\":\"https:\/\/www.videoclub.at\/lm25\/?s={search_term_string}\"},\"query-input\":{\"@type\":\"PropertyValueSpecification\",\"valueRequired\":true,\"valueName\":\"search_term_string\"}}],\"inLanguage\":\"de\"},{\"@type\":\"Organization\",\"@id\":\"https:\/\/www.videoclub.at\/lm25\/#organization\",\"name\":\"Festival der Steirischen Filmautoren 2025\",\"url\":\"https:\/\/www.videoclub.at\/lm25\/\",\"logo\":{\"@type\":\"ImageObject\",\"inLanguage\":\"de\",\"@id\":\"https:\/\/www.videoclub.at\/lm25\/#\/schema\/logo\/image\/\",\"url\":\"https:\/\/www.videoclub.at\/lm25\/wp-content\/uploads\/2014\/12\/videologo_small.jpg\",\"contentUrl\":\"https:\/\/www.videoclub.at\/lm25\/wp-content\/uploads\/2014\/12\/videologo_small.jpg\",\"width\":400,\"height\":98,\"caption\":\"Festival der Steirischen Filmautoren 2025\"},\"image\":{\"@id\":\"https:\/\/www.videoclub.at\/lm25\/#\/schema\/logo\/image\/\"},\"sameAs\":[\"https:\/\/www.youtube.com\/user\/filmvideoclub\"]}]}<\/script>\n<!-- \/ Yoast SEO plugin. -->","yoast_head_json":{"title":"Qualifikation und Bewertung | Festival der Steirischen Film-Autoren 2025 | V\u00d6FA-Landesmeisterschaft Steiermerk 2025","robots":{"index":"index","follow":"follow","max-snippet":"max-snippet:-1","max-image-preview":"max-image-preview:large","max-video-preview":"max-video-preview:-1"},"canonical":"https:\/\/www.videoclub.at\/lm25\/bewertungskriterien\/","og_locale":"de_DE","og_type":"article","og_title":"Qualifikation und Bewertung | Festival der Steirischen Film-Autoren 2025 | V\u00d6FA-Landesmeisterschaft Steiermerk 2025","og_description":"Die Bewertung der Filme beim j\u00e4hrlich stattfindenden Festival der Steirischen Film-Autoren (Landesmeisterschaft) erfolgt entsprechend den Wettbewerbsbestimmungen des Verbandes \u00d6sterreichischer Filmautoren (V\u00d6FA) in der jeweils g\u00fcltigen Fassung. Teilnahmeberechtigung Teilnahmeberechtigt zum Festival der Steirischen Film-Autoren sind Filme von ordentlichen Mitgliedern steirischer Filmclubs sowie zus\u00e4tzlich nichtkommerzielle Filmer \u00d6sterreichischer Staatsb\u00fcrgerschaft gegen ein entsprechendes Nenngeld. Die Filme d\u00fcrfen noch an [&hellip;]","og_url":"https:\/\/www.videoclub.at\/lm25\/bewertungskriterien\/","og_site_name":"Festival der Steirischen Film-Autoren 2025","article_modified_time":"2025-03-25T18:28:58+00:00","twitter_card":"summary_large_image","twitter_misc":{"Gesch\u00e4tzte Lesezeit":"3\u00a0Minuten"},"schema":{"@context":"https:\/\/schema.org","@graph":[{"@type":"WebPage","@id":"https:\/\/www.videoclub.at\/lm25\/bewertungskriterien\/","url":"https:\/\/www.videoclub.at\/lm25\/bewertungskriterien\/","name":"Qualifikation und Bewertung | Festival der Steirischen Film-Autoren 2025 | V\u00d6FA-Landesmeisterschaft Steiermerk 2025","isPartOf":{"@id":"https:\/\/www.videoclub.at\/lm25\/#website"},"datePublished":"2015-02-08T19:39:19+00:00","dateModified":"2025-03-25T18:28:58+00:00","breadcrumb":{"@id":"https:\/\/www.videoclub.at\/lm25\/bewertungskriterien\/#breadcrumb"},"inLanguage":"de","potentialAction":[{"@type":"ReadAction","target":["https:\/\/www.videoclub.at\/lm25\/bewertungskriterien\/"]}]},{"@type":"BreadcrumbList","@id":"https:\/\/www.videoclub.at\/lm25\/bewertungskriterien\/#breadcrumb","itemListElement":[{"@type":"ListItem","position":1,"name":"Startseite","item":"https:\/\/www.videoclub.at\/lm25\/"},{"@type":"ListItem","position":2,"name":"Qualifikation und Bewertung"}]},{"@type":"WebSite","@id":"https:\/\/www.videoclub.at\/lm25\/#website","url":"https:\/\/www.videoclub.at\/lm25\/","name":"Festival der Steirischen Film-Autoren 2025","description":"28.-29. M\u00e4rz 2025","publisher":{"@id":"https:\/\/www.videoclub.at\/lm25\/#organization"},"potentialAction":[{"@type":"SearchAction","target":{"@type":"EntryPoint","urlTemplate":"https:\/\/www.videoclub.at\/lm25\/?s={search_term_string}"},"query-input":{"@type":"PropertyValueSpecification","valueRequired":true,"valueName":"search_term_string"}}],"inLanguage":"de"},{"@type":"Organization","@id":"https:\/\/www.videoclub.at\/lm25\/#organization","name":"Festival der Steirischen Filmautoren 2025","url":"https:\/\/www.videoclub.at\/lm25\/","logo":{"@type":"ImageObject","inLanguage":"de","@id":"https:\/\/www.videoclub.at\/lm25\/#\/schema\/logo\/image\/","url":"https:\/\/www.videoclub.at\/lm25\/wp-content\/uploads\/2014\/12\/videologo_small.jpg","contentUrl":"https:\/\/www.videoclub.at\/lm25\/wp-content\/uploads\/2014\/12\/videologo_small.jpg","width":400,"height":98,"caption":"Festival der Steirischen Filmautoren 2025"},"image":{"@id":"https:\/\/www.videoclub.at\/lm25\/#\/schema\/logo\/image\/"},"sameAs":["https:\/\/www.youtube.com\/user\/filmvideoclub"]}]}},"_links":{"self":[{"href":"https:\/\/www.videoclub.at\/lm25\/wp-json\/wp\/v2\/pages\/316","targetHints":{"allow":["GET"]}}],"collection":[{"href":"https:\/\/www.videoclub.at\/lm25\/wp-json\/wp\/v2\/pages"}],"about":[{"href":"https:\/\/www.videoclub.at\/lm25\/wp-json\/wp\/v2\/types\/page"}],"author":[{"embeddable":true,"href":"https:\/\/www.videoclub.at\/lm25\/wp-json\/wp\/v2\/users\/1"}],"replies":[{"embeddable":true,"href":"https:\/\/www.videoclub.at\/lm25\/wp-json\/wp\/v2\/comments?post=316"}],"version-history":[{"count":25,"href":"https:\/\/www.videoclub.at\/lm25\/wp-json\/wp\/v2\/pages\/316\/revisions"}],"predecessor-version":[{"id":2594,"href":"https:\/\/www.videoclub.at\/lm25\/wp-json\/wp\/v2\/pages\/316\/revisions\/2594"}],"wp:attachment":[{"href":"https:\/\/www.videoclub.at\/lm25\/wp-json\/wp\/v2\/media?parent=316"}],"curies":[{"name":"wp","href":"https:\/\/api.w.org\/{rel}","templated":true}]}}