{"id":119,"date":"2014-12-29T00:02:51","date_gmt":"2014-12-28T23:02:51","guid":{"rendered":"http:\/\/www.videoclub.at\/lm15\/?page_id=119"},"modified":"2025-01-16T11:07:27","modified_gmt":"2025-01-16T10:07:27","slug":"ausschreibung","status":"publish","type":"page","link":"https:\/\/www.videoclub.at\/lm25\/ausschreibung\/","title":{"rendered":"Ausschreibung"},"content":{"rendered":"<h4>Allgemeine Informationen<\/h4>\n<table style=\"width: 100%;\">\n<tbody>\n<tr>\n<td style=\"width: 20%;\">Veranstalter:<\/td>\n<td><a href=\"https:\/\/www.filmautoren.at\/\" target=\"_blank\" rel=\"noopener noreferrer\">Verband \u00d6sterreichischer Film-Autoren (V\u00d6FA)<\/a><\/td>\n<\/tr>\n<tr>\n<td>Ausrichter:<\/td>\n<td><a href=\"https:\/\/www.videoclub.at\/\" target=\"_blank\" rel=\"noopener noreferrer\">Film- und Videoclub Steiermark<\/a><\/td>\n<\/tr>\n<tr>\n<td>Termin:<\/td>\n<td>Freitag, 28. M\u00e4rz und Samstag, 29. M\u00e4rz 2025<\/td>\n<\/tr>\n<tr>\n<td>Veranstaltungsort:<\/td>\n<td><a href=\"https:\/\/www.feldkirchnerhof.at\/\" target=\"_blank\" rel=\"noopener\">Feldkirchnerhof<\/a>, Triesterstra\u00dfe 32, 8073 Feldkirchen<\/td>\n<\/tr>\n<\/tbody>\n<\/table>\n<p>Es gelten die <a href=\"https:\/\/filmautoren.at\/?Was-wir-bieten\/Richtlinien\/Rechtliche-Bestimmungen\" target=\"_blank\" rel=\"noopener noreferrer\">Wettbewerbsbestimmungen<\/a> des Verbandes \u00d6sterreichischer Film-Autoren (V\u00d6FA) in der letztg\u00fcltigen Fassung.<\/p>\n<h4>Termine<\/h4>\n<table style=\"width: 100%; height: 92px;\">\n<tbody>\n<tr style=\"height: 23px;\">\n<td style=\"width: 20%; height: 23px;\">Nennungsschluss:<\/td>\n<td style=\"height: 23px;\">03.03.2025<\/td>\n<\/tr>\n<tr style=\"height: 23px;\">\n<td style=\"height: 23px;\">Einsendeschluss:<\/td>\n<td style=\"height: 23px;\">10.03.2025<\/td>\n<\/tr>\n<tr style=\"height: 23px;\">\n<td style=\"height: 23px;\">Auslosung:<\/td>\n<td style=\"height: 23px;\">06.03.2025<\/td>\n<\/tr>\n<tr style=\"height: 23px;\">\n<td style=\"height: 23px;\">Schlussveranstaltung:<\/td>\n<td style=\"height: 23px;\">29.03.2025<\/td>\n<\/tr>\n<\/tbody>\n<\/table>\n<h4>Nennung<\/h4>\n<p><a href=\"https:\/\/filmautoren.at\/userfiles\/database\/event\/289\/Ausschreibung%20LM-R4-2025.pdf\" target=\"_blank\" rel=\"noopener noreferrer\">Nennung der Filme<\/a> bis sp\u00e4testens 03.03.2025 auf der V\u00d6FA-Homepage unter <a href=\"https:\/\/www.filmautoren.at\" target=\"_blank\" rel=\"noopener noreferrer\">www.filmautoren.at<\/a>.<\/p>\n<p>&gt; Vorgangsweise:<\/p>\n<ol>\n<li>Im pers\u00f6nlichen Bereich &#8222;Mein V\u00d6FA&#8220; des jeweiligen Autors wird der Film angelegt. Das kann der Autor selbst machen. Dazu mu\u00df er als Mitglied angemeldet sein. Alternativ kann auch der Klub Filme im Namen eines Mitgliedes anlegen.<\/li>\n<li>Die Meldung zum Wettbewerben kann nur durch den Klub erfolgen. Mit einer Anmeldung als Klub erscheint unter Mein-V\u00d6FA der Men\u00fcpunkt Mein-Klub. Hier k\u00f6nnen die Filme der Mitglieder genannt werden.<\/li>\n<\/ol>\n<p>Die postalische\u00a0Zusendung eines unterfertigten Nennformulars ist nicht mehr erforderlich!<\/p>\n<h4>Teilnahmeberechtigung<\/h4>\n<p>Teilnahmeberechtigt sind Mitglieder der Steirischen Film- und Videoclubs und Nichtmitglieder (Letztere mit einem Nenngeld in H\u00f6he von EUR 144 je Filmbeitrag).<br \/>\nDie zu dieser Landesmeisterschaft genannten Filme sollten durch eine Clubjury\/den Clubleiter eine Empfehlung zur Teilnahme erhalten haben.<\/p>\n<h4>Nenngeld<\/h4>\n<p>EUR 15,&#8211; je Filmbeitrag, zu \u00fcberweisen bis sp\u00e4testens 03.03.2025 an:<\/p>\n<blockquote><p>Film- und Videoclub Steiermark<br \/>\nIBAN: AT45 2081 5028 0132 1205<br \/>\nBIC: STSPAT2GXXX<br \/>\nSteierm\u00e4rkische Bank- und Sparkassen AG<\/p><\/blockquote>\n<p>F\u00fcr Jugendliche bis zum vollendeten 25. Lebensjahr (Jeunesse) entf\u00e4llt das Nenngeld!<\/p>\n<p>Filme, bei denen<strong> bis zur Auslosung am 06.03.2025<\/strong>\u00a0kein Nenngeld eingelangt ist, k\u00f6nnen beim Wettbewerb leider nicht ber\u00fccksichtigt werden.<\/p>\n<h4>Einsendung der Filme<\/h4>\n<p><strong>&gt; \u00fcber die V\u00d6FA-Homepage (bevorzugte Methode)<br \/>\n<\/strong>Wenn der jeweilige Film auf die V\u00d6FA-Homepage hochgeladen und f\u00fcr den Wettbewerb genannt wurde, wird er von uns, dem Ausrichter, heruntergeladen. Alternativ k\u00f6nnen Filme auch per Post oder mittels Upload \u00fcbermittelt werden.<\/p>\n<p><strong>&gt; per Post<\/strong><\/p>\n<p>Bitte senden Sie einen USB-Stick mit dem Film bis sp\u00e4testens 10.03.2025 an:<\/p>\n<blockquote><p>G\u00fcnther Niederl, Denggasse 26, 8042 Graz<\/p><\/blockquote>\n<p>Der USB-Stick ist mit dem Namen des Autors\/der Autorin zu beschriften.<\/p>\n<p><strong>&gt; per Swisstransfer<\/strong> <a href=\"https:\/\/www.swisstransfer.com\/de-at\">www.swisstransfer.com\/de-at<\/a><\/p>\n<p>\u00dcbertragen Sie Ihren Film bis sp\u00e4testens 10.03.2025 an folgende Email-Adresse:<\/p>\n<blockquote><p><a href=\"mailto:kontakt@videoclub.at\" target=\"_blank\" rel=\"noopener noreferrer\">kontakt@videoclub.at<\/a><\/p><\/blockquote>\n<h4>Technische Richtlinien<\/h4>\n<p>Es gelten die <a href=\"https:\/\/filmautoren.at\/?Was-wir-bieten\/Richtlinien\/Technische-Richtlinien-%26amp%3B-Hilfen\" target=\"_blank\" rel=\"noopener noreferrer\">Technischen Richtlinien<\/a> des Verbandes \u00d6sterreichischer Film-Autoren (V\u00d6FA) gem\u00e4\u00df Verlautbarung auf der <a href=\"https:\/\/www.filmautoren.at\" target=\"_blank\" rel=\"noopener noreferrer\">Homepage des Verbandes<\/a>.<\/p>\n<table style=\"width: 100%;\">\n<tbody>\n<tr>\n<td style=\"width: 20%;\">Video-Dateiformat:<\/td>\n<td>PAL und Stereo-Ton, Codec H.264\/mp4 oder .mov in SD oder HD<\/td>\n<\/tr>\n<tr>\n<td>Vorf\u00fchrformat:<\/td>\n<td>16:9 (andere Formate sind zul\u00e4ssig, solange sie in 16:9 eingebettet sind)<\/td>\n<\/tr>\n<tr>\n<td>Dateiname:<\/td>\n<td>Dateiname = Filmtitel.mp4 oder Filmtitel.mov<\/td>\n<\/tr>\n<\/tbody>\n<\/table>\n","protected":false},"excerpt":{"rendered":"<p>Allgemeine Informationen Veranstalter: Verband \u00d6sterreichischer Film-Autoren (V\u00d6FA) Ausrichter: Film- und Videoclub Steiermark Termin: Freitag, 28. M\u00e4rz und Samstag, 29. M\u00e4rz 2025 Veranstaltungsort: Feldkirchnerhof, Triesterstra\u00dfe 32, 8073 Feldkirchen Es gelten die Wettbewerbsbestimmungen des Verbandes \u00d6sterreichischer Film-Autoren (V\u00d6FA) in der letztg\u00fcltigen Fassung. Termine Nennungsschluss: 03.03.2025 Einsendeschluss: 10.03.2025 Auslosung: 06.03.2025 Schlussveranstaltung: 29.03.2025 Nennung Nennung der Filme bis sp\u00e4testens [&hellip;]<\/p>\n","protected":false},"author":1,"featured_media":684,"parent":0,"menu_order":0,"comment_status":"closed","ping_status":"closed","template":"","meta":{"footnotes":""},"class_list":["post-119","page","type-page","status-publish","has-post-thumbnail","hentry"],"yoast_head":"<!-- This site is optimized with the Yoast SEO plugin v26.4 - https:\/\/yoast.com\/wordpress\/plugins\/seo\/ -->\n<title>Ausschreibung | Festival der Steirischen Film-Autoren 2025 | V\u00d6FA-Landesmeisterschaft Steiermerk 2025<\/title>\n<meta name=\"robots\" content=\"index, follow, max-snippet:-1, max-image-preview:large, max-video-preview:-1\" \/>\n<link rel=\"canonical\" href=\"https:\/\/www.videoclub.at\/lm25\/ausschreibung\/\" \/>\n<meta property=\"og:locale\" content=\"de_DE\" \/>\n<meta property=\"og:type\" content=\"article\" \/>\n<meta property=\"og:title\" content=\"Ausschreibung | Festival der Steirischen Film-Autoren 2025 | V\u00d6FA-Landesmeisterschaft Steiermerk 2025\" \/>\n<meta property=\"og:description\" content=\"Allgemeine Informationen Veranstalter: Verband \u00d6sterreichischer Film-Autoren (V\u00d6FA) Ausrichter: Film- und Videoclub Steiermark Termin: Freitag, 28. M\u00e4rz und Samstag, 29. M\u00e4rz 2025 Veranstaltungsort: Feldkirchnerhof, Triesterstra\u00dfe 32, 8073 Feldkirchen Es gelten die Wettbewerbsbestimmungen des Verbandes \u00d6sterreichischer Film-Autoren (V\u00d6FA) in der letztg\u00fcltigen Fassung. Termine Nennungsschluss: 03.03.2025 Einsendeschluss: 10.03.2025 Auslosung: 06.03.2025 Schlussveranstaltung: 29.03.2025 Nennung Nennung der Filme bis sp\u00e4testens [&hellip;]\" \/>\n<meta property=\"og:url\" content=\"https:\/\/www.videoclub.at\/lm25\/ausschreibung\/\" \/>\n<meta property=\"og:site_name\" content=\"Festival der Steirischen Film-Autoren 2025\" \/>\n<meta property=\"article:modified_time\" content=\"2025-01-16T10:07:27+00:00\" \/>\n<meta property=\"og:image\" content=\"https:\/\/www.videoclub.at\/lm25\/wp-content\/uploads\/2017\/09\/nennung_klein.png\" \/>\n\t<meta property=\"og:image:width\" content=\"150\" \/>\n\t<meta property=\"og:image:height\" content=\"150\" \/>\n\t<meta property=\"og:image:type\" content=\"image\/png\" \/>\n<meta name=\"twitter:card\" content=\"summary_large_image\" \/>\n<meta name=\"twitter:label1\" content=\"Gesch\u00e4tzte Lesezeit\" \/>\n\t<meta name=\"twitter:data1\" content=\"3\u00a0Minuten\" \/>\n<script type=\"application\/ld+json\" class=\"yoast-schema-graph\">{\"@context\":\"https:\/\/schema.org\",\"@graph\":[{\"@type\":\"WebPage\",\"@id\":\"https:\/\/www.videoclub.at\/lm25\/ausschreibung\/\",\"url\":\"https:\/\/www.videoclub.at\/lm25\/ausschreibung\/\",\"name\":\"Ausschreibung | Festival der Steirischen Film-Autoren 2025 | V\u00d6FA-Landesmeisterschaft Steiermerk 2025\",\"isPartOf\":{\"@id\":\"https:\/\/www.videoclub.at\/lm25\/#website\"},\"primaryImageOfPage\":{\"@id\":\"https:\/\/www.videoclub.at\/lm25\/ausschreibung\/#primaryimage\"},\"image\":{\"@id\":\"https:\/\/www.videoclub.at\/lm25\/ausschreibung\/#primaryimage\"},\"thumbnailUrl\":\"https:\/\/www.videoclub.at\/lm25\/wp-content\/uploads\/2017\/09\/nennung_klein.png\",\"datePublished\":\"2014-12-28T23:02:51+00:00\",\"dateModified\":\"2025-01-16T10:07:27+00:00\",\"breadcrumb\":{\"@id\":\"https:\/\/www.videoclub.at\/lm25\/ausschreibung\/#breadcrumb\"},\"inLanguage\":\"de\",\"potentialAction\":[{\"@type\":\"ReadAction\",\"target\":[\"https:\/\/www.videoclub.at\/lm25\/ausschreibung\/\"]}]},{\"@type\":\"ImageObject\",\"inLanguage\":\"de\",\"@id\":\"https:\/\/www.videoclub.at\/lm25\/ausschreibung\/#primaryimage\",\"url\":\"https:\/\/www.videoclub.at\/lm25\/wp-content\/uploads\/2017\/09\/nennung_klein.png\",\"contentUrl\":\"https:\/\/www.videoclub.at\/lm25\/wp-content\/uploads\/2017\/09\/nennung_klein.png\",\"width\":150,\"height\":150},{\"@type\":\"BreadcrumbList\",\"@id\":\"https:\/\/www.videoclub.at\/lm25\/ausschreibung\/#breadcrumb\",\"itemListElement\":[{\"@type\":\"ListItem\",\"position\":1,\"name\":\"Startseite\",\"item\":\"https:\/\/www.videoclub.at\/lm25\/\"},{\"@type\":\"ListItem\",\"position\":2,\"name\":\"Ausschreibung\"}]},{\"@type\":\"WebSite\",\"@id\":\"https:\/\/www.videoclub.at\/lm25\/#website\",\"url\":\"https:\/\/www.videoclub.at\/lm25\/\",\"name\":\"Festival der Steirischen Film-Autoren 2025\",\"description\":\"28.-29. M\u00e4rz 2025\",\"publisher\":{\"@id\":\"https:\/\/www.videoclub.at\/lm25\/#organization\"},\"potentialAction\":[{\"@type\":\"SearchAction\",\"target\":{\"@type\":\"EntryPoint\",\"urlTemplate\":\"https:\/\/www.videoclub.at\/lm25\/?s={search_term_string}\"},\"query-input\":{\"@type\":\"PropertyValueSpecification\",\"valueRequired\":true,\"valueName\":\"search_term_string\"}}],\"inLanguage\":\"de\"},{\"@type\":\"Organization\",\"@id\":\"https:\/\/www.videoclub.at\/lm25\/#organization\",\"name\":\"Festival der Steirischen Filmautoren 2025\",\"url\":\"https:\/\/www.videoclub.at\/lm25\/\",\"logo\":{\"@type\":\"ImageObject\",\"inLanguage\":\"de\",\"@id\":\"https:\/\/www.videoclub.at\/lm25\/#\/schema\/logo\/image\/\",\"url\":\"https:\/\/www.videoclub.at\/lm25\/wp-content\/uploads\/2014\/12\/videologo_small.jpg\",\"contentUrl\":\"https:\/\/www.videoclub.at\/lm25\/wp-content\/uploads\/2014\/12\/videologo_small.jpg\",\"width\":400,\"height\":98,\"caption\":\"Festival der Steirischen Filmautoren 2025\"},\"image\":{\"@id\":\"https:\/\/www.videoclub.at\/lm25\/#\/schema\/logo\/image\/\"},\"sameAs\":[\"https:\/\/www.youtube.com\/user\/filmvideoclub\"]}]}<\/script>\n<!-- \/ Yoast SEO plugin. -->","yoast_head_json":{"title":"Ausschreibung | Festival der Steirischen Film-Autoren 2025 | V\u00d6FA-Landesmeisterschaft Steiermerk 2025","robots":{"index":"index","follow":"follow","max-snippet":"max-snippet:-1","max-image-preview":"max-image-preview:large","max-video-preview":"max-video-preview:-1"},"canonical":"https:\/\/www.videoclub.at\/lm25\/ausschreibung\/","og_locale":"de_DE","og_type":"article","og_title":"Ausschreibung | Festival der Steirischen Film-Autoren 2025 | V\u00d6FA-Landesmeisterschaft Steiermerk 2025","og_description":"Allgemeine Informationen Veranstalter: Verband \u00d6sterreichischer Film-Autoren (V\u00d6FA) Ausrichter: Film- und Videoclub Steiermark Termin: Freitag, 28. M\u00e4rz und Samstag, 29. M\u00e4rz 2025 Veranstaltungsort: Feldkirchnerhof, Triesterstra\u00dfe 32, 8073 Feldkirchen Es gelten die Wettbewerbsbestimmungen des Verbandes \u00d6sterreichischer Film-Autoren (V\u00d6FA) in der letztg\u00fcltigen Fassung. Termine Nennungsschluss: 03.03.2025 Einsendeschluss: 10.03.2025 Auslosung: 06.03.2025 Schlussveranstaltung: 29.03.2025 Nennung Nennung der Filme bis sp\u00e4testens [&hellip;]","og_url":"https:\/\/www.videoclub.at\/lm25\/ausschreibung\/","og_site_name":"Festival der Steirischen Film-Autoren 2025","article_modified_time":"2025-01-16T10:07:27+00:00","og_image":[{"width":150,"height":150,"url":"https:\/\/www.videoclub.at\/lm25\/wp-content\/uploads\/2017\/09\/nennung_klein.png","type":"image\/png"}],"twitter_card":"summary_large_image","twitter_misc":{"Gesch\u00e4tzte Lesezeit":"3\u00a0Minuten"},"schema":{"@context":"https:\/\/schema.org","@graph":[{"@type":"WebPage","@id":"https:\/\/www.videoclub.at\/lm25\/ausschreibung\/","url":"https:\/\/www.videoclub.at\/lm25\/ausschreibung\/","name":"Ausschreibung | Festival der Steirischen Film-Autoren 2025 | V\u00d6FA-Landesmeisterschaft Steiermerk 2025","isPartOf":{"@id":"https:\/\/www.videoclub.at\/lm25\/#website"},"primaryImageOfPage":{"@id":"https:\/\/www.videoclub.at\/lm25\/ausschreibung\/#primaryimage"},"image":{"@id":"https:\/\/www.videoclub.at\/lm25\/ausschreibung\/#primaryimage"},"thumbnailUrl":"https:\/\/www.videoclub.at\/lm25\/wp-content\/uploads\/2017\/09\/nennung_klein.png","datePublished":"2014-12-28T23:02:51+00:00","dateModified":"2025-01-16T10:07:27+00:00","breadcrumb":{"@id":"https:\/\/www.videoclub.at\/lm25\/ausschreibung\/#breadcrumb"},"inLanguage":"de","potentialAction":[{"@type":"ReadAction","target":["https:\/\/www.videoclub.at\/lm25\/ausschreibung\/"]}]},{"@type":"ImageObject","inLanguage":"de","@id":"https:\/\/www.videoclub.at\/lm25\/ausschreibung\/#primaryimage","url":"https:\/\/www.videoclub.at\/lm25\/wp-content\/uploads\/2017\/09\/nennung_klein.png","contentUrl":"https:\/\/www.videoclub.at\/lm25\/wp-content\/uploads\/2017\/09\/nennung_klein.png","width":150,"height":150},{"@type":"BreadcrumbList","@id":"https:\/\/www.videoclub.at\/lm25\/ausschreibung\/#breadcrumb","itemListElement":[{"@type":"ListItem","position":1,"name":"Startseite","item":"https:\/\/www.videoclub.at\/lm25\/"},{"@type":"ListItem","position":2,"name":"Ausschreibung"}]},{"@type":"WebSite","@id":"https:\/\/www.videoclub.at\/lm25\/#website","url":"https:\/\/www.videoclub.at\/lm25\/","name":"Festival der Steirischen Film-Autoren 2025","description":"28.-29. M\u00e4rz 2025","publisher":{"@id":"https:\/\/www.videoclub.at\/lm25\/#organization"},"potentialAction":[{"@type":"SearchAction","target":{"@type":"EntryPoint","urlTemplate":"https:\/\/www.videoclub.at\/lm25\/?s={search_term_string}"},"query-input":{"@type":"PropertyValueSpecification","valueRequired":true,"valueName":"search_term_string"}}],"inLanguage":"de"},{"@type":"Organization","@id":"https:\/\/www.videoclub.at\/lm25\/#organization","name":"Festival der Steirischen Filmautoren 2025","url":"https:\/\/www.videoclub.at\/lm25\/","logo":{"@type":"ImageObject","inLanguage":"de","@id":"https:\/\/www.videoclub.at\/lm25\/#\/schema\/logo\/image\/","url":"https:\/\/www.videoclub.at\/lm25\/wp-content\/uploads\/2014\/12\/videologo_small.jpg","contentUrl":"https:\/\/www.videoclub.at\/lm25\/wp-content\/uploads\/2014\/12\/videologo_small.jpg","width":400,"height":98,"caption":"Festival der Steirischen Filmautoren 2025"},"image":{"@id":"https:\/\/www.videoclub.at\/lm25\/#\/schema\/logo\/image\/"},"sameAs":["https:\/\/www.youtube.com\/user\/filmvideoclub"]}]}},"_links":{"self":[{"href":"https:\/\/www.videoclub.at\/lm25\/wp-json\/wp\/v2\/pages\/119","targetHints":{"allow":["GET"]}}],"collection":[{"href":"https:\/\/www.videoclub.at\/lm25\/wp-json\/wp\/v2\/pages"}],"about":[{"href":"https:\/\/www.videoclub.at\/lm25\/wp-json\/wp\/v2\/types\/page"}],"author":[{"embeddable":true,"href":"https:\/\/www.videoclub.at\/lm25\/wp-json\/wp\/v2\/users\/1"}],"replies":[{"embeddable":true,"href":"https:\/\/www.videoclub.at\/lm25\/wp-json\/wp\/v2\/comments?post=119"}],"version-history":[{"count":102,"href":"https:\/\/www.videoclub.at\/lm25\/wp-json\/wp\/v2\/pages\/119\/revisions"}],"predecessor-version":[{"id":2503,"href":"https:\/\/www.videoclub.at\/lm25\/wp-json\/wp\/v2\/pages\/119\/revisions\/2503"}],"wp:featuredmedia":[{"embeddable":true,"href":"https:\/\/www.videoclub.at\/lm25\/wp-json\/wp\/v2\/media\/684"}],"wp:attachment":[{"href":"https:\/\/www.videoclub.at\/lm25\/wp-json\/wp\/v2\/media?parent=119"}],"curies":[{"name":"wp","href":"https:\/\/api.w.org\/{rel}","templated":true}]}}